{"id":64231,"date":"2017-05-26T16:24:19","date_gmt":"2017-05-26T14:24:19","guid":{"rendered":"http:\/\/www.policlinicagipuzkoa.com\/eu\/unidad-de-columna\/"},"modified":"2021-07-27T16:52:47","modified_gmt":"2021-07-27T14:52:47","slug":"inbasio-gutxieneko-bizkarrezur-kirurgia-unitatea","status":"publish","type":"page","link":"https:\/\/www.policlinicagipuzkoa.com\/eu\/inbasio-gutxieneko-bizkarrezur-kirurgia-unitatea\/","title":{"rendered":"Inbasio Gutxieneko Bizkarrezur Kirurgia Unitatea"},"content":{"rendered":"\n<p><span class=\"entradilla\"><strong>Policl\u00ednica Gipuzkoak<\/strong> Inbasio Gutxieneko Bizkarrezur Kirurgia dauka, gerriko hernia diskalaren eta kanal-estenosiaren kirurgiarako aproposa.<\/span><\/p>\n\n\n\n<blockquote class=\"wp-block-quote is-layout-flow wp-block-quote-is-layout-flow\"><p>Kalkulatzen dugu biztanleek bizkarrean jasaten dituzten 10 arazoetatik 9 hernia diskalek eragindakoak direla. Hernia diskala endekatze-prozesu oso arrunta da, eta 25 urtetik aurrerako zahartzearen ondoriozkoa da, orno arteko diskoa lehortzen doalako eta elastikotasuna galtzen duelako.<\/p><\/blockquote>\n\n\n\n<p>Bizkarrezurraren kirurgia endoskopikoan, 15 mm inguruko ebakidura txiki bat egin eta tamaina horretako kanula bat jartzen da, eta horren barruan, optika bat sartzen da, kirurgialari aukera ematen diona lan-eremua zabaltzeko eta handiagotzeko. Horrela, ez dira disekzio handiak egin behar gaixoaren bizkarrezurrean sartzeko. Teknika horrek kirurgia irekiaren printzipio berdinak aplikatzen ditu, baina gaixoaren egiturei kalte txikiagoa egiten die.<\/p>\n\n\n\n<div style=\"height:32px\" aria-hidden=\"true\" class=\"wp-block-spacer\"><\/div>\n\n\n\n<figure class=\"wp-block-embed is-type-video is-provider-youtube wp-block-embed-youtube wp-embed-aspect-16-9 wp-has-aspect-ratio\"><div class=\"wp-block-embed__wrapper\">\n<iframe loading=\"lazy\" title=\"Estenosis de canal y quiste sinovial - Dr. Alberto Herna\u0301ndez y paciente Iciar Lapazaran\" width=\"500\" height=\"281\" src=\"https:\/\/www.youtube.com\/embed\/2KHZBUKAa70?feature=oembed\" frameborder=\"0\" allow=\"accelerometer; autoplay; clipboard-write; encrypted-media; gyroscope; picture-in-picture; web-share\" referrerpolicy=\"strict-origin-when-cross-origin\" allowfullscreen><\/iframe>\n<\/div><\/figure>\n\n\n\n<figure class=\"wp-block-embed is-type-video is-provider-youtube wp-block-embed-youtube wp-embed-aspect-16-9 wp-has-aspect-ratio\"><div class=\"wp-block-embed__wrapper\">\n<iframe loading=\"lazy\" title=\"Llevaba a\u00f1os con molestias y ahora no tengo dolor\" width=\"500\" height=\"281\" src=\"https:\/\/www.youtube.com\/embed\/j6g6bXeXn14?feature=oembed\" frameborder=\"0\" allow=\"accelerometer; autoplay; clipboard-write; encrypted-media; gyroscope; picture-in-picture; web-share\" referrerpolicy=\"strict-origin-when-cross-origin\" allowfullscreen><\/iframe>\n<\/div><\/figure>\n\n\n\n<figure class=\"wp-block-embed is-type-video is-provider-youtube wp-block-embed-youtube wp-embed-aspect-16-9 wp-has-aspect-ratio\"><div class=\"wp-block-embed__wrapper\">\n<iframe loading=\"lazy\" title=\"Dr. Sampron &amp; Dr. Andermatten - Cirug\u00eda Endosc\u00f3pica de Columna\" width=\"500\" height=\"281\" src=\"https:\/\/www.youtube.com\/embed\/mBQ_gCXT4zg?feature=oembed\" frameborder=\"0\" allow=\"accelerometer; autoplay; clipboard-write; encrypted-media; gyroscope; picture-in-picture; web-share\" referrerpolicy=\"strict-origin-when-cross-origin\" allowfullscreen><\/iframe>\n<\/div><\/figure>\n\n\n\n<figure class=\"wp-block-embed is-type-video is-provider-youtube wp-block-embed-youtube wp-embed-aspect-16-9 wp-has-aspect-ratio\"><div class=\"wp-block-embed__wrapper\">\n<iframe loading=\"lazy\" title=\"Dr. Alberto Hern\u00e1ndez y Feliciano paciente intervenido de estenosis de canal\" width=\"500\" height=\"281\" src=\"https:\/\/www.youtube.com\/embed\/YDagoyKjI78?feature=oembed\" frameborder=\"0\" allow=\"accelerometer; autoplay; clipboard-write; encrypted-media; gyroscope; picture-in-picture; web-share\" referrerpolicy=\"strict-origin-when-cross-origin\" allowfullscreen><\/iframe>\n<\/div><\/figure>\n\n\n\n<figure class=\"wp-block-embed is-type-video is-provider-youtube wp-block-embed-youtube wp-embed-aspect-16-9 wp-has-aspect-ratio\"><div class=\"wp-block-embed__wrapper\">\n<iframe loading=\"lazy\" title=\"Dr. Alberto Marqu\u00e9s, Cirug\u00eda Endosc\u00f3pica de Columna\" width=\"500\" height=\"281\" src=\"https:\/\/www.youtube.com\/embed\/6gnx5vxF3QI?feature=oembed\" frameborder=\"0\" allow=\"accelerometer; autoplay; clipboard-write; encrypted-media; gyroscope; picture-in-picture; web-share\" referrerpolicy=\"strict-origin-when-cross-origin\" allowfullscreen><\/iframe>\n<\/div><\/figure>\n\n\n\n<p><strong>Odolik gabeko kirurgiaren abantailak<\/strong><\/p>\n\n\n\n<p>Kirurgia endoskopikoak zenbait abantaila ditu ohiko kirurgiarekin alderatuta: gaixoaren ehunei kalte txikiagoa egiten die, kirurgiaren ostean arazoak edukitzeko arriskua eta ebakuntza osteko mina gutxitzen ditu eta suspertze azkarragoa ahalbidetzen du.<\/p>\n\n\n\n<p>Ebakuntzak 45 minutu irauten ditu maila bakoitzean. Ohikoena da gaixoa ebakuntza egin eta ordu gutxira gelara igotzea, eta hurrengo egunean ospitaleko alta ematea gerriko bat jarrita, bizitza guztiz normala egin dezan.<\/p>\n\n\n\n<p><strong>Lekukotasunak<\/strong><\/p>\n\n\n\n<p>Ezagut itzazu teknika honen bidez operatuak izan diren gaixoen lekukotasun batzuk.<\/p>\n\n\n\n<figure class=\"wp-block-embed is-type-video is-provider-youtube wp-block-embed-youtube wp-embed-aspect-16-9 wp-has-aspect-ratio\"><div class=\"wp-block-embed__wrapper\">\n<iframe loading=\"lazy\" title=\"In\u0303aki Azurmendi, paciente de los Dres. Sampro\u0301n y Andermatten - Cirugi\u0301a Endosco\u0301pica de Columna\" width=\"500\" height=\"281\" src=\"https:\/\/www.youtube.com\/embed\/LrcPcmdk1Rs?feature=oembed\" frameborder=\"0\" allow=\"accelerometer; autoplay; clipboard-write; encrypted-media; gyroscope; picture-in-picture; web-share\" referrerpolicy=\"strict-origin-when-cross-origin\" allowfullscreen><\/iframe>\n<\/div><\/figure>\n\n\n\n<figure class=\"wp-block-embed is-type-video is-provider-youtube wp-block-embed-youtube wp-embed-aspect-16-9 wp-has-aspect-ratio\"><div class=\"wp-block-embed__wrapper\">\n<iframe loading=\"lazy\" title=\"Feliciano, paciente intervenido de estenosis de canal por el Dr. Alberto Hern\u00e1ndez, traumat\u00f3logo\" width=\"500\" height=\"281\" src=\"https:\/\/www.youtube.com\/embed\/-unXI4HMUCQ?feature=oembed\" frameborder=\"0\" allow=\"accelerometer; autoplay; clipboard-write; encrypted-media; gyroscope; picture-in-picture; web-share\" referrerpolicy=\"strict-origin-when-cross-origin\" allowfullscreen><\/iframe>\n<\/div><\/figure>\n\n\n\n<figure class=\"wp-block-embed is-type-video is-provider-youtube wp-block-embed-youtube wp-embed-aspect-16-9 wp-has-aspect-ratio\"><div class=\"wp-block-embed__wrapper\">\n<iframe loading=\"lazy\" title=\"Maialen Ojer, paciente del Dr. Marqu\u00e9s - Cirug\u00eda Endosc\u00f3pica de Columna tras una ca\u00edda escalando\" width=\"500\" height=\"281\" src=\"https:\/\/www.youtube.com\/embed\/1wSOv0zEPZ0?feature=oembed\" frameborder=\"0\" allow=\"accelerometer; autoplay; clipboard-write; encrypted-media; gyroscope; picture-in-picture; web-share\" referrerpolicy=\"strict-origin-when-cross-origin\" allowfullscreen><\/iframe>\n<\/div><\/figure>\n\n\n\n<figure class=\"wp-block-embed is-type-video is-provider-youtube wp-block-embed-youtube wp-embed-aspect-16-9 wp-has-aspect-ratio\"><div class=\"wp-block-embed__wrapper\">\n<iframe loading=\"lazy\" title=\"Odei Arrizabalaga, remero de Orio - Paciente del Dr. Marqu\u00e9s - Cirug\u00eda Endosc\u00f3pica de Columna\" width=\"500\" height=\"281\" src=\"https:\/\/www.youtube.com\/embed\/F_amVSkIuH8?feature=oembed\" frameborder=\"0\" allow=\"accelerometer; autoplay; clipboard-write; encrypted-media; gyroscope; picture-in-picture; web-share\" referrerpolicy=\"strict-origin-when-cross-origin\" allowfullscreen><\/iframe>\n<\/div><\/figure>\n\n\n\n<figure class=\"wp-block-embed is-type-video is-provider-youtube wp-block-embed-youtube wp-embed-aspect-16-9 wp-has-aspect-ratio\"><div class=\"wp-block-embed__wrapper\">\n<iframe loading=\"lazy\" title=\"Ana Saratxaga, paciente del Dr. Marqu\u00e9s, especialista en Cirug\u00eda endosc\u00f3pica de columna\" width=\"500\" height=\"281\" src=\"https:\/\/www.youtube.com\/embed\/u9K1oYeWuhQ?feature=oembed\" frameborder=\"0\" allow=\"accelerometer; autoplay; clipboard-write; encrypted-media; gyroscope; picture-in-picture; web-share\" referrerpolicy=\"strict-origin-when-cross-origin\" allowfullscreen><\/iframe>\n<\/div><\/figure>\n\n\n\n<figure class=\"wp-block-embed is-type-video is-provider-youtube wp-block-embed-youtube wp-embed-aspect-16-9 wp-has-aspect-ratio\"><div class=\"wp-block-embed__wrapper\">\nhttps:\/\/youtu.be\/_o5WtR1K0VU\n<\/div><\/figure>\n\n\n\n<figure class=\"wp-block-embed is-type-video is-provider-youtube wp-block-embed-youtube wp-embed-aspect-16-9 wp-has-aspect-ratio\"><div class=\"wp-block-embed__wrapper\">\n<iframe loading=\"lazy\" title=\"Pacientes del Dr. Alberto Marqu\u00e9s, operados mediante cirug\u00eda endosc\u00f3pica de columna\" width=\"500\" height=\"281\" src=\"https:\/\/www.youtube.com\/embed\/5Avl3S1Cq0k?feature=oembed\" frameborder=\"0\" allow=\"accelerometer; autoplay; clipboard-write; encrypted-media; gyroscope; picture-in-picture; web-share\" referrerpolicy=\"strict-origin-when-cross-origin\" allowfullscreen><\/iframe>\n<\/div><\/figure>\n\n\n\n<figure class=\"wp-block-embed is-type-video is-provider-youtube wp-block-embed-youtube wp-embed-aspect-16-9 wp-has-aspect-ratio\"><div class=\"wp-block-embed__wrapper\">\n<iframe loading=\"lazy\" title=\"Testimonio de paciente del Dr. Marqu\u00e9s - Cirug\u00eda endosc\u00f3pica de columna\" width=\"500\" height=\"281\" src=\"https:\/\/www.youtube.com\/embed\/f9hHcgO7AhM?feature=oembed\" frameborder=\"0\" allow=\"accelerometer; autoplay; clipboard-write; encrypted-media; gyroscope; picture-in-picture; web-share\" referrerpolicy=\"strict-origin-when-cross-origin\" allowfullscreen><\/iframe>\n<\/div><\/figure>\n\n\n\n<figure class=\"wp-block-embed is-type-video is-provider-youtube wp-block-embed-youtube wp-embed-aspect-16-9 wp-has-aspect-ratio\"><div class=\"wp-block-embed__wrapper\">\n<iframe loading=\"lazy\" title=\"Bailarina operada de hernia discal por laparoscopia por el traumat\u00f3logo, Alberto Marqu\u00e9s\" width=\"500\" height=\"281\" src=\"https:\/\/www.youtube.com\/embed\/oovu4siL6ug?feature=oembed\" frameborder=\"0\" allow=\"accelerometer; autoplay; clipboard-write; encrypted-media; gyroscope; picture-in-picture; web-share\" referrerpolicy=\"strict-origin-when-cross-origin\" allowfullscreen><\/iframe>\n<\/div><\/figure>\n\n\n\n<figure class=\"wp-block-embed is-type-video is-provider-youtube wp-block-embed-youtube wp-embed-aspect-16-9 wp-has-aspect-ratio\"><div class=\"wp-block-embed__wrapper\">\n<iframe loading=\"lazy\" title=\"Paciente operado de estenosis de canal por el Dr. Marqu\u00e9s, traumat\u00f3logo de Policl\u00ednica Gipuzkoa\" width=\"500\" height=\"281\" src=\"https:\/\/www.youtube.com\/embed\/va1bNQ4w_Ns?feature=oembed\" frameborder=\"0\" allow=\"accelerometer; autoplay; clipboard-write; encrypted-media; gyroscope; picture-in-picture; web-share\" referrerpolicy=\"strict-origin-when-cross-origin\" allowfullscreen><\/iframe>\n<\/div><\/figure>\n","protected":false},"excerpt":{"rendered":"","protected":false},"author":5,"featured_media":0,"parent":0,"menu_order":0,"comment_status":"closed","ping_status":"closed","template":"page-unidad-simple.php","meta":{"_acf_changed":false,"footnotes":""},"categories":[4669],"tags":[],"class_list":["post-64231","page","type-page","status-publish","hentry","category-inbasio-gutxieneko-bizkarrezur-kirurgia-unitatea"],"acf":[],"yoast_head":"<!-- This site is optimized with the Yoast SEO plugin v27.2 - https:\/\/yoast.com\/product\/yoast-seo-wordpress\/ -->\n<title>Inbasio Gutxieneko Bizkarrezur Kirurgia Unitatea - Policl\u00ednica Gipuzkoa<\/title>\n<meta name=\"robots\" content=\"index, follow, max-snippet:-1, max-image-preview:large, max-video-preview:-1\" \/>\n<link rel=\"canonical\" href=\"https:\/\/www.policlinicagipuzkoa.com\/eu\/inbasio-gutxieneko-bizkarrezur-kirurgia-unitatea\/\" \/>\n<meta property=\"og:locale\" content=\"en_US\" \/>\n<meta property=\"og:type\" content=\"article\" \/>\n<meta property=\"og:title\" content=\"Inbasio Gutxieneko Bizkarrezur Kirurgia Unitatea - Policl\u00ednica Gipuzkoa\" \/>\n<meta property=\"og:url\" content=\"https:\/\/www.policlinicagipuzkoa.com\/eu\/inbasio-gutxieneko-bizkarrezur-kirurgia-unitatea\/\" \/>\n<meta property=\"og:site_name\" content=\"Policl\u00ednica Gipuzkoa\" \/>\n<meta property=\"article:publisher\" content=\"https:\/\/www.facebook.com\/policlinicagipuzkoa\" \/>\n<meta property=\"article:modified_time\" content=\"2021-07-27T14:52:47+00:00\" \/>\n<meta name=\"twitter:card\" content=\"summary_large_image\" \/>\n<meta name=\"twitter:site\" content=\"@PolicliGipuzkoa\" \/>\n<meta name=\"twitter:label1\" content=\"Est. reading time\" \/>\n\t<meta name=\"twitter:data1\" content=\"1 minutua\" \/>\n<script type=\"application\/ld+json\" class=\"yoast-schema-graph\">{\"@context\":\"https:\/\/schema.org\",\"@graph\":[{\"@type\":\"WebPage\",\"@id\":\"https:\/\/www.policlinicagipuzkoa.com\/eu\/inbasio-gutxieneko-bizkarrezur-kirurgia-unitatea\/\",\"url\":\"https:\/\/www.policlinicagipuzkoa.com\/eu\/inbasio-gutxieneko-bizkarrezur-kirurgia-unitatea\/\",\"name\":\"Inbasio Gutxieneko Bizkarrezur Kirurgia Unitatea - Policl\u00ednica Gipuzkoa\",\"isPartOf\":{\"@id\":\"https:\/\/www.policlinicagipuzkoa.com\/eu\/#website\"},\"datePublished\":\"2017-05-26T14:24:19+00:00\",\"dateModified\":\"2021-07-27T14:52:47+00:00\",\"breadcrumb\":{\"@id\":\"https:\/\/www.policlinicagipuzkoa.com\/eu\/inbasio-gutxieneko-bizkarrezur-kirurgia-unitatea\/#breadcrumb\"},\"inLanguage\":\"eu\",\"potentialAction\":[{\"@type\":\"ReadAction\",\"target\":[\"https:\/\/www.policlinicagipuzkoa.com\/eu\/inbasio-gutxieneko-bizkarrezur-kirurgia-unitatea\/\"]}]},{\"@type\":\"BreadcrumbList\",\"@id\":\"https:\/\/www.policlinicagipuzkoa.com\/eu\/inbasio-gutxieneko-bizkarrezur-kirurgia-unitatea\/#breadcrumb\",\"itemListElement\":[{\"@type\":\"ListItem\",\"position\":1,\"name\":\"Portada\",\"item\":\"https:\/\/www.policlinicagipuzkoa.com\/eu\/\"},{\"@type\":\"ListItem\",\"position\":2,\"name\":\"Inbasio Gutxieneko Bizkarrezur Kirurgia Unitatea\"}]},{\"@type\":\"WebSite\",\"@id\":\"https:\/\/www.policlinicagipuzkoa.com\/eu\/#website\",\"url\":\"https:\/\/www.policlinicagipuzkoa.com\/eu\/\",\"name\":\"Policl\u00ednica Gipuzkoa\",\"description\":\"\",\"publisher\":{\"@id\":\"https:\/\/www.policlinicagipuzkoa.com\/eu\/#organization\"},\"potentialAction\":[{\"@type\":\"SearchAction\",\"target\":{\"@type\":\"EntryPoint\",\"urlTemplate\":\"https:\/\/www.policlinicagipuzkoa.com\/eu\/?s={search_term_string}\"},\"query-input\":{\"@type\":\"PropertyValueSpecification\",\"valueRequired\":true,\"valueName\":\"search_term_string\"}}],\"inLanguage\":\"eu\"},{\"@type\":\"Organization\",\"@id\":\"https:\/\/www.policlinicagipuzkoa.com\/eu\/#organization\",\"name\":\"Policl\u00ednica Gipuzkoa\",\"url\":\"https:\/\/www.policlinicagipuzkoa.com\/eu\/\",\"logo\":{\"@type\":\"ImageObject\",\"inLanguage\":\"eu\",\"@id\":\"https:\/\/www.policlinicagipuzkoa.com\/eu\/#\/schema\/logo\/image\/\",\"url\":\"https:\/\/www.policlinicagipuzkoa.com\/wp-content\/uploads\/2016\/12\/FotoLogoPG.jpg\",\"contentUrl\":\"https:\/\/www.policlinicagipuzkoa.com\/wp-content\/uploads\/2016\/12\/FotoLogoPG.jpg\",\"width\":1600,\"height\":800,\"caption\":\"Policl\u00ednica Gipuzkoa\"},\"image\":{\"@id\":\"https:\/\/www.policlinicagipuzkoa.com\/eu\/#\/schema\/logo\/image\/\"},\"sameAs\":[\"https:\/\/www.facebook.com\/policlinicagipuzkoa\",\"https:\/\/x.com\/PolicliGipuzkoa\",\"https:\/\/instagram.com\/policlinicagipuzkoa\/\",\"https:\/\/es.linkedin.com\/company\/policlinica-gipuzkoa\",\"https:\/\/www.youtube.com\/user\/POLICLINICAGIPUZKOA\"]}]}<\/script>\n<!-- \/ Yoast SEO plugin. -->","yoast_head_json":{"title":"Inbasio Gutxieneko Bizkarrezur Kirurgia Unitatea - Policl\u00ednica Gipuzkoa","robots":{"index":"index","follow":"follow","max-snippet":"max-snippet:-1","max-image-preview":"max-image-preview:large","max-video-preview":"max-video-preview:-1"},"canonical":"https:\/\/www.policlinicagipuzkoa.com\/eu\/inbasio-gutxieneko-bizkarrezur-kirurgia-unitatea\/","og_locale":"en_US","og_type":"article","og_title":"Inbasio Gutxieneko Bizkarrezur Kirurgia Unitatea - Policl\u00ednica Gipuzkoa","og_url":"https:\/\/www.policlinicagipuzkoa.com\/eu\/inbasio-gutxieneko-bizkarrezur-kirurgia-unitatea\/","og_site_name":"Policl\u00ednica Gipuzkoa","article_publisher":"https:\/\/www.facebook.com\/policlinicagipuzkoa","article_modified_time":"2021-07-27T14:52:47+00:00","twitter_card":"summary_large_image","twitter_site":"@PolicliGipuzkoa","twitter_misc":{"Est. reading time":"1 minutua"},"schema":{"@context":"https:\/\/schema.org","@graph":[{"@type":"WebPage","@id":"https:\/\/www.policlinicagipuzkoa.com\/eu\/inbasio-gutxieneko-bizkarrezur-kirurgia-unitatea\/","url":"https:\/\/www.policlinicagipuzkoa.com\/eu\/inbasio-gutxieneko-bizkarrezur-kirurgia-unitatea\/","name":"Inbasio Gutxieneko Bizkarrezur Kirurgia Unitatea - Policl\u00ednica Gipuzkoa","isPartOf":{"@id":"https:\/\/www.policlinicagipuzkoa.com\/eu\/#website"},"datePublished":"2017-05-26T14:24:19+00:00","dateModified":"2021-07-27T14:52:47+00:00","breadcrumb":{"@id":"https:\/\/www.policlinicagipuzkoa.com\/eu\/inbasio-gutxieneko-bizkarrezur-kirurgia-unitatea\/#breadcrumb"},"inLanguage":"eu","potentialAction":[{"@type":"ReadAction","target":["https:\/\/www.policlinicagipuzkoa.com\/eu\/inbasio-gutxieneko-bizkarrezur-kirurgia-unitatea\/"]}]},{"@type":"BreadcrumbList","@id":"https:\/\/www.policlinicagipuzkoa.com\/eu\/inbasio-gutxieneko-bizkarrezur-kirurgia-unitatea\/#breadcrumb","itemListElement":[{"@type":"ListItem","position":1,"name":"Portada","item":"https:\/\/www.policlinicagipuzkoa.com\/eu\/"},{"@type":"ListItem","position":2,"name":"Inbasio Gutxieneko Bizkarrezur Kirurgia Unitatea"}]},{"@type":"WebSite","@id":"https:\/\/www.policlinicagipuzkoa.com\/eu\/#website","url":"https:\/\/www.policlinicagipuzkoa.com\/eu\/","name":"Policl\u00ednica Gipuzkoa","description":"","publisher":{"@id":"https:\/\/www.policlinicagipuzkoa.com\/eu\/#organization"},"potentialAction":[{"@type":"SearchAction","target":{"@type":"EntryPoint","urlTemplate":"https:\/\/www.policlinicagipuzkoa.com\/eu\/?s={search_term_string}"},"query-input":{"@type":"PropertyValueSpecification","valueRequired":true,"valueName":"search_term_string"}}],"inLanguage":"eu"},{"@type":"Organization","@id":"https:\/\/www.policlinicagipuzkoa.com\/eu\/#organization","name":"Policl\u00ednica Gipuzkoa","url":"https:\/\/www.policlinicagipuzkoa.com\/eu\/","logo":{"@type":"ImageObject","inLanguage":"eu","@id":"https:\/\/www.policlinicagipuzkoa.com\/eu\/#\/schema\/logo\/image\/","url":"https:\/\/www.policlinicagipuzkoa.com\/wp-content\/uploads\/2016\/12\/FotoLogoPG.jpg","contentUrl":"https:\/\/www.policlinicagipuzkoa.com\/wp-content\/uploads\/2016\/12\/FotoLogoPG.jpg","width":1600,"height":800,"caption":"Policl\u00ednica Gipuzkoa"},"image":{"@id":"https:\/\/www.policlinicagipuzkoa.com\/eu\/#\/schema\/logo\/image\/"},"sameAs":["https:\/\/www.facebook.com\/policlinicagipuzkoa","https:\/\/x.com\/PolicliGipuzkoa","https:\/\/instagram.com\/policlinicagipuzkoa\/","https:\/\/es.linkedin.com\/company\/policlinica-gipuzkoa","https:\/\/www.youtube.com\/user\/POLICLINICAGIPUZKOA"]}]}},"_links":{"self":[{"href":"https:\/\/www.policlinicagipuzkoa.com\/eu\/wp-json\/wp\/v2\/pages\/64231","targetHints":{"allow":["GET"]}}],"collection":[{"href":"https:\/\/www.policlinicagipuzkoa.com\/eu\/wp-json\/wp\/v2\/pages"}],"about":[{"href":"https:\/\/www.policlinicagipuzkoa.com\/eu\/wp-json\/wp\/v2\/types\/page"}],"author":[{"embeddable":true,"href":"https:\/\/www.policlinicagipuzkoa.com\/eu\/wp-json\/wp\/v2\/users\/5"}],"replies":[{"embeddable":true,"href":"https:\/\/www.policlinicagipuzkoa.com\/eu\/wp-json\/wp\/v2\/comments?post=64231"}],"version-history":[{"count":8,"href":"https:\/\/www.policlinicagipuzkoa.com\/eu\/wp-json\/wp\/v2\/pages\/64231\/revisions"}],"predecessor-version":[{"id":95941,"href":"https:\/\/www.policlinicagipuzkoa.com\/eu\/wp-json\/wp\/v2\/pages\/64231\/revisions\/95941"}],"wp:attachment":[{"href":"https:\/\/www.policlinicagipuzkoa.com\/eu\/wp-json\/wp\/v2\/media?parent=64231"}],"wp:term":[{"taxonomy":"category","embeddable":true,"href":"https:\/\/www.policlinicagipuzkoa.com\/eu\/wp-json\/wp\/v2\/categories?post=64231"},{"taxonomy":"post_tag","embeddable":true,"href":"https:\/\/www.policlinicagipuzkoa.com\/eu\/wp-json\/wp\/v2\/tags?post=64231"}],"curies":[{"name":"wp","href":"https:\/\/api.w.org\/{rel}","templated":true}]}}