{"id":36058,"date":"2014-08-06T18:26:57","date_gmt":"2014-08-06T16:26:57","guid":{"rendered":"http:\/\/www.policlinicagipuzkoa.com\/?page_id=36058"},"modified":"2024-10-08T09:47:47","modified_gmt":"2024-10-08T07:47:47","slug":"bihotzeko-errehabilitazioa","status":"publish","type":"page","link":"https:\/\/www.policlinicagipuzkoa.com\/eu\/bihotzeko-errehabilitazioa\/","title":{"rendered":"Bihotzeko Errehabilitazioa"},"content":{"rendered":"<p><strong>NORI ZUZENDUTA DAGO?<\/strong><\/p>\n<p>Miokardioko bihotzeko akutua izandako gaixoei Zubizari aorto-koronarioen kirurgia, angioplastia bidezko birbaskularizazioa eta stent eta bularreko angina izandako gaixoei Gutxiegitasun kardiakoa duten gaixoei Balbuletako ebakuntzak izandakoei Transplantatutako gaixoei Arrisku faktoreak dituzten pertsona osasuntsuez gain, bizitzaren bitarteko adinean eta kirol jarduerak hasten dituztenak, eta baita nagusiak ere.<\/p>\n<p><iframe loading=\"lazy\" title=\"Servicio de Rehabilitaci\u00f3n Card\u00edaca de Policl\u00ednica Gipuzkoa\" width=\"500\" height=\"281\" src=\"https:\/\/www.youtube.com\/embed\/TyN4ItGhjcQ?feature=oembed\" frameborder=\"0\" allow=\"accelerometer; autoplay; clipboard-write; encrypted-media; gyroscope; picture-in-picture; web-share\" referrerpolicy=\"strict-origin-when-cross-origin\" allowfullscreen><\/iframe><\/p>\n<p><strong>BIHOTZEKO ERREHABILITAZIOAREN ONURAK <\/strong><\/p>\n<p>Estres, antsietate eta depresioko maila jaisten du; norberaren buruarenganako konfiantza eta bizitzeko gogoak handitzen ditu. Ahalmen fisikoa handitzen du eta kirol jarduerak egiteko aukera eskaintzen du. Gaixoak lehenago itzultzen dira lanera eta sexu-jarduera normaltzen dute. Bihotzekoak berriz izateko aukera txikitzen du eta hiltzeko aukerak murrizten du.<\/p>\n<p><strong>GIZA BALIABIDEAK<\/strong><\/p>\n<p>Bihotzeko Errehabilitazioko Zerbitzu berria, Kardiologo baten koordinazioaren pean, espezialisten diziplina anitzeko talde batek osatzen du: fisioterapeuta bat, psikologo bat, dietista bat eta entrenadore fisiko bat.<\/p>\n<p><strong>BALIABIDE TEKNIKOAK <\/strong><\/p>\n<p>Gipuzkoako Poliklinikak erabat ekipatua dagoen gimnasio bat du: zikloergometroekin, pisuekin, horma-barrekin, etab. Instalazioek aldagelak eta dutxak dituzte, bai gizonentzat, bai emakumeentzat ere. Era berean, zerbitzu horrek monitorizazio telemetriko bat du, eta baita ekipoena ere, ergometria, Hotler eta kardiologia zerbitzuko diagnostiko- eta tratamendu-jarduketa guztiak egiteko.<\/p>\n<p><strong>PROGRAMA: <\/strong><\/p>\n<p>Analisi eta esfortzu-proba bat egiten da. Kardiologoak, kontsultan, gaixoaren ebaluazio bat egiten du eta, balorazioa positiboa bada, gaixoa Programan sartzen da eta historia irekitzen da bizimoduaren ikerketa xehe batekin, jarraipena eta kontrola egiteko. Programaren batez besteko iraupena 3 hilabeteetakoa da, astean 5 egunetan (ordu bete saio bakoitzeko). Gaixoak entrenamendu fisiko bat egiten du maiztasun kardiako zehatz batekin, fisioterapiako taulekin eta bizikletako ariketekin, hori guztia monitorizazio telemetrikoaren bidez zaindua. Entrenamendua ariketa-programa batekin eta handitzen doan intentsitate-martxa batekin osatzen da, prestatzaile fisikoaren eskuetan egongo dena. Era berean, elikadura-ohiturak, arrisku-faktoreen kontrola eta jarrerako patroiak tratatzen dira, antsietatea eta depresioa aztertzeko, dietista eta psikologo baten parte hartzearekin. Hilero dietistarekin eta psikologoarekin izango du kontsulta, eta amaierako kontsulta bat izango du kardiologoarekin eta, horretan, programaren bukaerako txostena emango zaio.<\/p>\n<p><strong>SAIOEKIN JARRAITZEA<\/strong><\/p>\n<p>Astean bi edo hiru saioekin jarraitzeko aukera dago, eta baita programan parte hartu duten prestatzaile fisikoarekin eta dietistarekin aldizkako kontsultak mantentzeko aukera ere.<\/p>\n<p><strong>Informazio gehiagorako deitu 943 00 28 19 telefonora.<\/strong><\/p>\n","protected":false},"excerpt":{"rendered":"","protected":false},"author":5,"featured_media":0,"parent":0,"menu_order":0,"comment_status":"open","ping_status":"closed","template":"page-servicios-centrales.php","meta":{"_acf_changed":false,"footnotes":""},"categories":[304],"tags":[],"class_list":["post-36058","page","type-page","status-publish","hentry","category-bihotzeko-errehabilitazioa-eu"],"acf":[],"yoast_head":"<!-- This site is optimized with the Yoast SEO plugin v27.2 - https:\/\/yoast.com\/product\/yoast-seo-wordpress\/ -->\n<title>Bihotzeko Errehabilitazioa - Policl\u00ednica Gipuzkoa<\/title>\n<meta name=\"robots\" content=\"index, follow, max-snippet:-1, max-image-preview:large, max-video-preview:-1\" \/>\n<link rel=\"canonical\" href=\"https:\/\/www.policlinicagipuzkoa.com\/eu\/bihotzeko-errehabilitazioa\/\" \/>\n<meta property=\"og:locale\" content=\"en_US\" \/>\n<meta property=\"og:type\" content=\"article\" \/>\n<meta property=\"og:title\" content=\"Bihotzeko Errehabilitazioa - Policl\u00ednica Gipuzkoa\" \/>\n<meta property=\"og:url\" content=\"https:\/\/www.policlinicagipuzkoa.com\/eu\/bihotzeko-errehabilitazioa\/\" \/>\n<meta property=\"og:site_name\" content=\"Policl\u00ednica Gipuzkoa\" \/>\n<meta property=\"article:publisher\" content=\"https:\/\/www.facebook.com\/policlinicagipuzkoa\" \/>\n<meta property=\"article:modified_time\" content=\"2024-10-08T07:47:47+00:00\" \/>\n<meta name=\"twitter:card\" content=\"summary_large_image\" \/>\n<meta name=\"twitter:site\" content=\"@PolicliGipuzkoa\" \/>\n<script type=\"application\/ld+json\" class=\"yoast-schema-graph\">{\"@context\":\"https:\/\/schema.org\",\"@graph\":[{\"@type\":\"WebPage\",\"@id\":\"https:\/\/www.policlinicagipuzkoa.com\/eu\/bihotzeko-errehabilitazioa\/\",\"url\":\"https:\/\/www.policlinicagipuzkoa.com\/eu\/bihotzeko-errehabilitazioa\/\",\"name\":\"Bihotzeko Errehabilitazioa - Policl\u00ednica Gipuzkoa\",\"isPartOf\":{\"@id\":\"https:\/\/www.policlinicagipuzkoa.com\/eu\/#website\"},\"datePublished\":\"2014-08-06T16:26:57+00:00\",\"dateModified\":\"2024-10-08T07:47:47+00:00\",\"breadcrumb\":{\"@id\":\"https:\/\/www.policlinicagipuzkoa.com\/eu\/bihotzeko-errehabilitazioa\/#breadcrumb\"},\"inLanguage\":\"eu\",\"potentialAction\":[{\"@type\":\"ReadAction\",\"target\":[\"https:\/\/www.policlinicagipuzkoa.com\/eu\/bihotzeko-errehabilitazioa\/\"]}]},{\"@type\":\"BreadcrumbList\",\"@id\":\"https:\/\/www.policlinicagipuzkoa.com\/eu\/bihotzeko-errehabilitazioa\/#breadcrumb\",\"itemListElement\":[{\"@type\":\"ListItem\",\"position\":1,\"name\":\"Portada\",\"item\":\"https:\/\/www.policlinicagipuzkoa.com\/eu\/\"},{\"@type\":\"ListItem\",\"position\":2,\"name\":\"Bihotzeko Errehabilitazioa\"}]},{\"@type\":\"WebSite\",\"@id\":\"https:\/\/www.policlinicagipuzkoa.com\/eu\/#website\",\"url\":\"https:\/\/www.policlinicagipuzkoa.com\/eu\/\",\"name\":\"Policl\u00ednica Gipuzkoa\",\"description\":\"\",\"publisher\":{\"@id\":\"https:\/\/www.policlinicagipuzkoa.com\/eu\/#organization\"},\"potentialAction\":[{\"@type\":\"SearchAction\",\"target\":{\"@type\":\"EntryPoint\",\"urlTemplate\":\"https:\/\/www.policlinicagipuzkoa.com\/eu\/?s={search_term_string}\"},\"query-input\":{\"@type\":\"PropertyValueSpecification\",\"valueRequired\":true,\"valueName\":\"search_term_string\"}}],\"inLanguage\":\"eu\"},{\"@type\":\"Organization\",\"@id\":\"https:\/\/www.policlinicagipuzkoa.com\/eu\/#organization\",\"name\":\"Policl\u00ednica Gipuzkoa\",\"url\":\"https:\/\/www.policlinicagipuzkoa.com\/eu\/\",\"logo\":{\"@type\":\"ImageObject\",\"inLanguage\":\"eu\",\"@id\":\"https:\/\/www.policlinicagipuzkoa.com\/eu\/#\/schema\/logo\/image\/\",\"url\":\"https:\/\/www.policlinicagipuzkoa.com\/wp-content\/uploads\/2016\/12\/FotoLogoPG.jpg\",\"contentUrl\":\"https:\/\/www.policlinicagipuzkoa.com\/wp-content\/uploads\/2016\/12\/FotoLogoPG.jpg\",\"width\":1600,\"height\":800,\"caption\":\"Policl\u00ednica Gipuzkoa\"},\"image\":{\"@id\":\"https:\/\/www.policlinicagipuzkoa.com\/eu\/#\/schema\/logo\/image\/\"},\"sameAs\":[\"https:\/\/www.facebook.com\/policlinicagipuzkoa\",\"https:\/\/x.com\/PolicliGipuzkoa\",\"https:\/\/instagram.com\/policlinicagipuzkoa\/\",\"https:\/\/es.linkedin.com\/company\/policlinica-gipuzkoa\",\"https:\/\/www.youtube.com\/user\/POLICLINICAGIPUZKOA\"]}]}<\/script>\n<!-- \/ Yoast SEO plugin. -->","yoast_head_json":{"title":"Bihotzeko Errehabilitazioa - Policl\u00ednica Gipuzkoa","robots":{"index":"index","follow":"follow","max-snippet":"max-snippet:-1","max-image-preview":"max-image-preview:large","max-video-preview":"max-video-preview:-1"},"canonical":"https:\/\/www.policlinicagipuzkoa.com\/eu\/bihotzeko-errehabilitazioa\/","og_locale":"en_US","og_type":"article","og_title":"Bihotzeko Errehabilitazioa - Policl\u00ednica Gipuzkoa","og_url":"https:\/\/www.policlinicagipuzkoa.com\/eu\/bihotzeko-errehabilitazioa\/","og_site_name":"Policl\u00ednica Gipuzkoa","article_publisher":"https:\/\/www.facebook.com\/policlinicagipuzkoa","article_modified_time":"2024-10-08T07:47:47+00:00","twitter_card":"summary_large_image","twitter_site":"@PolicliGipuzkoa","schema":{"@context":"https:\/\/schema.org","@graph":[{"@type":"WebPage","@id":"https:\/\/www.policlinicagipuzkoa.com\/eu\/bihotzeko-errehabilitazioa\/","url":"https:\/\/www.policlinicagipuzkoa.com\/eu\/bihotzeko-errehabilitazioa\/","name":"Bihotzeko Errehabilitazioa - Policl\u00ednica Gipuzkoa","isPartOf":{"@id":"https:\/\/www.policlinicagipuzkoa.com\/eu\/#website"},"datePublished":"2014-08-06T16:26:57+00:00","dateModified":"2024-10-08T07:47:47+00:00","breadcrumb":{"@id":"https:\/\/www.policlinicagipuzkoa.com\/eu\/bihotzeko-errehabilitazioa\/#breadcrumb"},"inLanguage":"eu","potentialAction":[{"@type":"ReadAction","target":["https:\/\/www.policlinicagipuzkoa.com\/eu\/bihotzeko-errehabilitazioa\/"]}]},{"@type":"BreadcrumbList","@id":"https:\/\/www.policlinicagipuzkoa.com\/eu\/bihotzeko-errehabilitazioa\/#breadcrumb","itemListElement":[{"@type":"ListItem","position":1,"name":"Portada","item":"https:\/\/www.policlinicagipuzkoa.com\/eu\/"},{"@type":"ListItem","position":2,"name":"Bihotzeko Errehabilitazioa"}]},{"@type":"WebSite","@id":"https:\/\/www.policlinicagipuzkoa.com\/eu\/#website","url":"https:\/\/www.policlinicagipuzkoa.com\/eu\/","name":"Policl\u00ednica Gipuzkoa","description":"","publisher":{"@id":"https:\/\/www.policlinicagipuzkoa.com\/eu\/#organization"},"potentialAction":[{"@type":"SearchAction","target":{"@type":"EntryPoint","urlTemplate":"https:\/\/www.policlinicagipuzkoa.com\/eu\/?s={search_term_string}"},"query-input":{"@type":"PropertyValueSpecification","valueRequired":true,"valueName":"search_term_string"}}],"inLanguage":"eu"},{"@type":"Organization","@id":"https:\/\/www.policlinicagipuzkoa.com\/eu\/#organization","name":"Policl\u00ednica Gipuzkoa","url":"https:\/\/www.policlinicagipuzkoa.com\/eu\/","logo":{"@type":"ImageObject","inLanguage":"eu","@id":"https:\/\/www.policlinicagipuzkoa.com\/eu\/#\/schema\/logo\/image\/","url":"https:\/\/www.policlinicagipuzkoa.com\/wp-content\/uploads\/2016\/12\/FotoLogoPG.jpg","contentUrl":"https:\/\/www.policlinicagipuzkoa.com\/wp-content\/uploads\/2016\/12\/FotoLogoPG.jpg","width":1600,"height":800,"caption":"Policl\u00ednica Gipuzkoa"},"image":{"@id":"https:\/\/www.policlinicagipuzkoa.com\/eu\/#\/schema\/logo\/image\/"},"sameAs":["https:\/\/www.facebook.com\/policlinicagipuzkoa","https:\/\/x.com\/PolicliGipuzkoa","https:\/\/instagram.com\/policlinicagipuzkoa\/","https:\/\/es.linkedin.com\/company\/policlinica-gipuzkoa","https:\/\/www.youtube.com\/user\/POLICLINICAGIPUZKOA"]}]}},"_links":{"self":[{"href":"https:\/\/www.policlinicagipuzkoa.com\/eu\/wp-json\/wp\/v2\/pages\/36058","targetHints":{"allow":["GET"]}}],"collection":[{"href":"https:\/\/www.policlinicagipuzkoa.com\/eu\/wp-json\/wp\/v2\/pages"}],"about":[{"href":"https:\/\/www.policlinicagipuzkoa.com\/eu\/wp-json\/wp\/v2\/types\/page"}],"author":[{"embeddable":true,"href":"https:\/\/www.policlinicagipuzkoa.com\/eu\/wp-json\/wp\/v2\/users\/5"}],"replies":[{"embeddable":true,"href":"https:\/\/www.policlinicagipuzkoa.com\/eu\/wp-json\/wp\/v2\/comments?post=36058"}],"version-history":[{"count":6,"href":"https:\/\/www.policlinicagipuzkoa.com\/eu\/wp-json\/wp\/v2\/pages\/36058\/revisions"}],"predecessor-version":[{"id":69718,"href":"https:\/\/www.policlinicagipuzkoa.com\/eu\/wp-json\/wp\/v2\/pages\/36058\/revisions\/69718"}],"wp:attachment":[{"href":"https:\/\/www.policlinicagipuzkoa.com\/eu\/wp-json\/wp\/v2\/media?parent=36058"}],"wp:term":[{"taxonomy":"category","embeddable":true,"href":"https:\/\/www.policlinicagipuzkoa.com\/eu\/wp-json\/wp\/v2\/categories?post=36058"},{"taxonomy":"post_tag","embeddable":true,"href":"https:\/\/www.policlinicagipuzkoa.com\/eu\/wp-json\/wp\/v2\/tags?post=36058"}],"curies":[{"name":"wp","href":"https:\/\/api.w.org\/{rel}","templated":true}]}}