{"id":15159,"date":"2014-07-09T08:45:26","date_gmt":"2014-07-09T06:45:26","guid":{"rendered":"http:\/\/www2.policlinicagipuzkoa.com\/?page_id=15159"},"modified":"2018-06-20T11:59:20","modified_gmt":"2018-06-20T09:59:20","slug":"loturak","status":"publish","type":"page","link":"https:\/\/www.policlinicagipuzkoa.com\/eu\/loturak\/","title":{"rendered":"Loturak"},"content":{"rendered":"<div id=\"lista_enlaces\">\n<h2>Asoziazioak<\/h2>\n<ul>\n<li><a href=\"http:\/\/www.asesa.org\/\">ASESA Asociacion Espa\u00f1ola de Androlog\u00eda<\/a><\/li>\n<li><a href=\"http:\/\/www.aegh.org\/\">Asociaci\u00f3n espa\u00f1ola de Gen\u00e9tica Humana<\/a><\/li>\n<li><a href=\"http:\/\/www.dya.es\">DYA, Asociaci\u00f3n de Ayuda en Carretera de Emergencias Sanitarias<\/a><\/li>\n<\/ul>\n<h2>Besteak<\/h2>\n<ul>\n<li><a href=\"http:\/\/www.cancerworld.org\/home.asp\">CancerWorld El mundo de la Oncolog\u00eda Online<\/a><\/li>\n<li><a href=\"http:\/\/www.cdc.gov\/spanish\/\">CDC Gen\u00f3mica y Prevenci\u00f3n de enfermedades<\/a><\/li>\n<li><a href=\"http:\/\/www.cruzroja.es\/\">Cruz Roja Espa\u00f1ola<\/a><\/li>\n<li><a href=\"http:\/\/www.eddnal.com\/\">EDDNAL European Directory of DNA Diagnostic Laboratories<\/a><\/li>\n<li><a href=\"http:\/\/www.gep-isfg.org\/\">GEP-ISFG Grupo Espa\u00f1ol y Portugues de la ISFG<\/a><\/li>\n<li><a href=\"http:\/\/www.ncbi.nlm.nih.gov\/entrez\/query.fcgi?db=OMIM\">OMIM Online Mendelian Inheritance in Man<\/a><\/li>\n<\/ul>\n<h2>Elkarteak<\/h2>\n<ul>\n<li><a href=\"http:\/\/www.eshg.org\/\">ESHG European Society of Human Genetics<\/a><\/li>\n<li><a href=\"http:\/\/www.isfg.org\/\">ISFG International Society for Forensic Genetics<\/a><\/li>\n<li><a href=\"http:\/\/www.seepidemiologia.es\/\">S.E.E. Sociedad Espa\u00f1ola de Epidemiolog\u00eda<\/a><\/li>\n<li><a href=\"http:\/\/www.seom.org\">SEOM Sociedad Espa\u00f1ola de Oncolog\u00eda Medica<\/a><\/li>\n<li><a href=\"http:\/\/www.secardiologia.es\">Sociedad espa\u00f1ola de Cardiolog\u00eda<\/a><\/li>\n<li><a href=\"http:\/\/www.seh-lelha.org\">Sociedad espa\u00f1ola de Hipertensi\u00f3n<\/a><\/li>\n<\/ul>\n<h2>Erakundeak<\/h2>\n<ul>\n<li><a href=\"http:\/\/www.coegi.org\">Colegio Oficial de Enfermer\u00eda de Gipuzkoa<\/a><\/li>\n<li><a href=\"http:\/\/www.cofgipuzkoa.com\">Colegio Oficial de Farmac\u00e9uticos de Gipuzkoa<\/a><\/li>\n<li><a href=\"http:\/\/www.gisep.org\">Colegio Oficial de M\u00e9dicos de Gipuzkoa<\/a><\/li>\n<li><a href=\"http:\/\/www.coeg.eu\">Colegio Oficial de Odont\u00f3logos y Estomat\u00f3logos de Gipuzkoa<\/a><\/li>\n<li><a href=\"http:\/\/www.consejogeneralenfermeria.org\/\">Consejo General de Enfermer\u00eda<\/a><\/li>\n<li><a href=\"http:\/\/www.cgcom.es\/\">Organizaci\u00f3n M\u00e9dical Colegial<\/a><\/li>\n<\/ul>\n<h2>Federakuntzak<\/h2>\n<ul>\n<li><a href=\"http:\/\/www.enfermedades-raras.org\">FEDER, Federaci\u00f3n Espa\u00f1ola de enfermedades raras<\/a><\/li>\n<li><a href=\"http:\/\/www.hemofilia.com\">Federaci\u00f3n espa\u00f1ola de Hemofilia<\/a><\/li>\n<li><a href=\"http:\/\/www.fncp.es\/\" target=\"_blank\">Federaci\u00f3n Nacional de Cl\u00ednicas Privadas<\/a><\/li>\n<\/ul>\n<h2>Fundazioak<\/h2>\n<ul>\n<li><a href=\"http:\/\/www.bioef.org\/\">BIO EUSKO FUNDAZIOA Fundaci\u00f3n Vasca de Innovaci\u00f3n e Investigaci\u00f3n Sanitarias<\/a><\/li>\n<li><a href=\"http:\/\/www.esclerosismultiple.com\/\">FEDEM.Fundaci\u00f3n Espa\u00f1ola de Esclerosis M\u00faltiple<\/a><\/li>\n<li><a href=\"http:\/\/www.fundaciononce.es\">Fundaci\u00f3n ONCE<\/a><\/li>\n<\/ul>\n<\/div>\n<h2>Orokorrak<\/h2>\n<div>\n<ul>\n<li><a href=\"http:\/\/www.policlinicagipuzkoa.com\/eu\/emakumearen-unitatea\/http:\/\/www.consugine.com\/\">Emakumearen Unitatea<\/a><\/li>\n<li><a href=\"http:\/\/www.dermagune.com\/\">Dermagune<\/a><\/li>\n<li><a href=\"http:\/\/www.pedrocormenzana.com\">Dr. Pedro Cormenzana &#8211; Cirujano Pl\u00e1stico<\/a><\/li>\n<li><a href=\"http:\/\/www.medicinadeportiva.net\">Kirol Medikuntza<\/a><\/li>\n<li><a href=\"http:\/\/www.cirugia-cardiovascular.es\">Servicio de Cirug\u00eda Cardiovascular y Hemodin\u00e1mica<\/a><\/li>\n<\/ul>\n<\/div>\n","protected":false},"excerpt":{"rendered":"","protected":false},"author":5,"featured_media":0,"parent":0,"menu_order":0,"comment_status":"open","ping_status":"closed","template":"page.php","meta":{"_acf_changed":false,"footnotes":""},"categories":[],"tags":[],"class_list":["post-15159","page","type-page","status-publish","hentry"],"acf":[],"yoast_head":"<!-- This site is optimized with the Yoast SEO plugin v27.2 - https:\/\/yoast.com\/product\/yoast-seo-wordpress\/ -->\n<title>Loturak - Policl\u00ednica Gipuzkoa<\/title>\n<meta name=\"robots\" content=\"index, follow, max-snippet:-1, max-image-preview:large, max-video-preview:-1\" \/>\n<link rel=\"canonical\" href=\"https:\/\/www.policlinicagipuzkoa.com\/eu\/loturak\/\" \/>\n<meta property=\"og:locale\" content=\"en_US\" \/>\n<meta property=\"og:type\" content=\"article\" \/>\n<meta property=\"og:title\" content=\"Loturak - Policl\u00ednica Gipuzkoa\" \/>\n<meta property=\"og:url\" content=\"https:\/\/www.policlinicagipuzkoa.com\/eu\/loturak\/\" \/>\n<meta property=\"og:site_name\" content=\"Policl\u00ednica Gipuzkoa\" \/>\n<meta property=\"article:publisher\" content=\"https:\/\/www.facebook.com\/policlinicagipuzkoa\" \/>\n<meta property=\"article:modified_time\" content=\"2018-06-20T09:59:20+00:00\" \/>\n<meta name=\"twitter:card\" content=\"summary_large_image\" \/>\n<meta name=\"twitter:site\" content=\"@PolicliGipuzkoa\" \/>\n<meta name=\"twitter:label1\" content=\"Est. reading time\" \/>\n\t<meta name=\"twitter:data1\" content=\"1 minutua\" \/>\n<script type=\"application\/ld+json\" class=\"yoast-schema-graph\">{\"@context\":\"https:\/\/schema.org\",\"@graph\":[{\"@type\":\"WebPage\",\"@id\":\"https:\/\/www.policlinicagipuzkoa.com\/eu\/loturak\/\",\"url\":\"https:\/\/www.policlinicagipuzkoa.com\/eu\/loturak\/\",\"name\":\"Loturak - Policl\u00ednica Gipuzkoa\",\"isPartOf\":{\"@id\":\"https:\/\/www.policlinicagipuzkoa.com\/eu\/#website\"},\"datePublished\":\"2014-07-09T06:45:26+00:00\",\"dateModified\":\"2018-06-20T09:59:20+00:00\",\"breadcrumb\":{\"@id\":\"https:\/\/www.policlinicagipuzkoa.com\/eu\/loturak\/#breadcrumb\"},\"inLanguage\":\"eu\",\"potentialAction\":[{\"@type\":\"ReadAction\",\"target\":[\"https:\/\/www.policlinicagipuzkoa.com\/eu\/loturak\/\"]}]},{\"@type\":\"BreadcrumbList\",\"@id\":\"https:\/\/www.policlinicagipuzkoa.com\/eu\/loturak\/#breadcrumb\",\"itemListElement\":[{\"@type\":\"ListItem\",\"position\":1,\"name\":\"Portada\",\"item\":\"https:\/\/www.policlinicagipuzkoa.com\/eu\/\"},{\"@type\":\"ListItem\",\"position\":2,\"name\":\"Loturak\"}]},{\"@type\":\"WebSite\",\"@id\":\"https:\/\/www.policlinicagipuzkoa.com\/eu\/#website\",\"url\":\"https:\/\/www.policlinicagipuzkoa.com\/eu\/\",\"name\":\"Policl\u00ednica Gipuzkoa\",\"description\":\"\",\"publisher\":{\"@id\":\"https:\/\/www.policlinicagipuzkoa.com\/eu\/#organization\"},\"potentialAction\":[{\"@type\":\"SearchAction\",\"target\":{\"@type\":\"EntryPoint\",\"urlTemplate\":\"https:\/\/www.policlinicagipuzkoa.com\/eu\/?s={search_term_string}\"},\"query-input\":{\"@type\":\"PropertyValueSpecification\",\"valueRequired\":true,\"valueName\":\"search_term_string\"}}],\"inLanguage\":\"eu\"},{\"@type\":\"Organization\",\"@id\":\"https:\/\/www.policlinicagipuzkoa.com\/eu\/#organization\",\"name\":\"Policl\u00ednica Gipuzkoa\",\"url\":\"https:\/\/www.policlinicagipuzkoa.com\/eu\/\",\"logo\":{\"@type\":\"ImageObject\",\"inLanguage\":\"eu\",\"@id\":\"https:\/\/www.policlinicagipuzkoa.com\/eu\/#\/schema\/logo\/image\/\",\"url\":\"https:\/\/www.policlinicagipuzkoa.com\/wp-content\/uploads\/2016\/12\/FotoLogoPG.jpg\",\"contentUrl\":\"https:\/\/www.policlinicagipuzkoa.com\/wp-content\/uploads\/2016\/12\/FotoLogoPG.jpg\",\"width\":1600,\"height\":800,\"caption\":\"Policl\u00ednica Gipuzkoa\"},\"image\":{\"@id\":\"https:\/\/www.policlinicagipuzkoa.com\/eu\/#\/schema\/logo\/image\/\"},\"sameAs\":[\"https:\/\/www.facebook.com\/policlinicagipuzkoa\",\"https:\/\/x.com\/PolicliGipuzkoa\",\"https:\/\/instagram.com\/policlinicagipuzkoa\/\",\"https:\/\/es.linkedin.com\/company\/policlinica-gipuzkoa\",\"https:\/\/www.youtube.com\/user\/POLICLINICAGIPUZKOA\"]}]}<\/script>\n<!-- \/ Yoast SEO plugin. -->","yoast_head_json":{"title":"Loturak - Policl\u00ednica Gipuzkoa","robots":{"index":"index","follow":"follow","max-snippet":"max-snippet:-1","max-image-preview":"max-image-preview:large","max-video-preview":"max-video-preview:-1"},"canonical":"https:\/\/www.policlinicagipuzkoa.com\/eu\/loturak\/","og_locale":"en_US","og_type":"article","og_title":"Loturak - Policl\u00ednica Gipuzkoa","og_url":"https:\/\/www.policlinicagipuzkoa.com\/eu\/loturak\/","og_site_name":"Policl\u00ednica Gipuzkoa","article_publisher":"https:\/\/www.facebook.com\/policlinicagipuzkoa","article_modified_time":"2018-06-20T09:59:20+00:00","twitter_card":"summary_large_image","twitter_site":"@PolicliGipuzkoa","twitter_misc":{"Est. reading time":"1 minutua"},"schema":{"@context":"https:\/\/schema.org","@graph":[{"@type":"WebPage","@id":"https:\/\/www.policlinicagipuzkoa.com\/eu\/loturak\/","url":"https:\/\/www.policlinicagipuzkoa.com\/eu\/loturak\/","name":"Loturak - Policl\u00ednica Gipuzkoa","isPartOf":{"@id":"https:\/\/www.policlinicagipuzkoa.com\/eu\/#website"},"datePublished":"2014-07-09T06:45:26+00:00","dateModified":"2018-06-20T09:59:20+00:00","breadcrumb":{"@id":"https:\/\/www.policlinicagipuzkoa.com\/eu\/loturak\/#breadcrumb"},"inLanguage":"eu","potentialAction":[{"@type":"ReadAction","target":["https:\/\/www.policlinicagipuzkoa.com\/eu\/loturak\/"]}]},{"@type":"BreadcrumbList","@id":"https:\/\/www.policlinicagipuzkoa.com\/eu\/loturak\/#breadcrumb","itemListElement":[{"@type":"ListItem","position":1,"name":"Portada","item":"https:\/\/www.policlinicagipuzkoa.com\/eu\/"},{"@type":"ListItem","position":2,"name":"Loturak"}]},{"@type":"WebSite","@id":"https:\/\/www.policlinicagipuzkoa.com\/eu\/#website","url":"https:\/\/www.policlinicagipuzkoa.com\/eu\/","name":"Policl\u00ednica Gipuzkoa","description":"","publisher":{"@id":"https:\/\/www.policlinicagipuzkoa.com\/eu\/#organization"},"potentialAction":[{"@type":"SearchAction","target":{"@type":"EntryPoint","urlTemplate":"https:\/\/www.policlinicagipuzkoa.com\/eu\/?s={search_term_string}"},"query-input":{"@type":"PropertyValueSpecification","valueRequired":true,"valueName":"search_term_string"}}],"inLanguage":"eu"},{"@type":"Organization","@id":"https:\/\/www.policlinicagipuzkoa.com\/eu\/#organization","name":"Policl\u00ednica Gipuzkoa","url":"https:\/\/www.policlinicagipuzkoa.com\/eu\/","logo":{"@type":"ImageObject","inLanguage":"eu","@id":"https:\/\/www.policlinicagipuzkoa.com\/eu\/#\/schema\/logo\/image\/","url":"https:\/\/www.policlinicagipuzkoa.com\/wp-content\/uploads\/2016\/12\/FotoLogoPG.jpg","contentUrl":"https:\/\/www.policlinicagipuzkoa.com\/wp-content\/uploads\/2016\/12\/FotoLogoPG.jpg","width":1600,"height":800,"caption":"Policl\u00ednica Gipuzkoa"},"image":{"@id":"https:\/\/www.policlinicagipuzkoa.com\/eu\/#\/schema\/logo\/image\/"},"sameAs":["https:\/\/www.facebook.com\/policlinicagipuzkoa","https:\/\/x.com\/PolicliGipuzkoa","https:\/\/instagram.com\/policlinicagipuzkoa\/","https:\/\/es.linkedin.com\/company\/policlinica-gipuzkoa","https:\/\/www.youtube.com\/user\/POLICLINICAGIPUZKOA"]}]}},"_links":{"self":[{"href":"https:\/\/www.policlinicagipuzkoa.com\/eu\/wp-json\/wp\/v2\/pages\/15159","targetHints":{"allow":["GET"]}}],"collection":[{"href":"https:\/\/www.policlinicagipuzkoa.com\/eu\/wp-json\/wp\/v2\/pages"}],"about":[{"href":"https:\/\/www.policlinicagipuzkoa.com\/eu\/wp-json\/wp\/v2\/types\/page"}],"author":[{"embeddable":true,"href":"https:\/\/www.policlinicagipuzkoa.com\/eu\/wp-json\/wp\/v2\/users\/5"}],"replies":[{"embeddable":true,"href":"https:\/\/www.policlinicagipuzkoa.com\/eu\/wp-json\/wp\/v2\/comments?post=15159"}],"version-history":[{"count":3,"href":"https:\/\/www.policlinicagipuzkoa.com\/eu\/wp-json\/wp\/v2\/pages\/15159\/revisions"}],"predecessor-version":[{"id":67342,"href":"https:\/\/www.policlinicagipuzkoa.com\/eu\/wp-json\/wp\/v2\/pages\/15159\/revisions\/67342"}],"wp:attachment":[{"href":"https:\/\/www.policlinicagipuzkoa.com\/eu\/wp-json\/wp\/v2\/media?parent=15159"}],"wp:term":[{"taxonomy":"category","embeddable":true,"href":"https:\/\/www.policlinicagipuzkoa.com\/eu\/wp-json\/wp\/v2\/categories?post=15159"},{"taxonomy":"post_tag","embeddable":true,"href":"https:\/\/www.policlinicagipuzkoa.com\/eu\/wp-json\/wp\/v2\/tags?post=15159"}],"curies":[{"name":"wp","href":"https:\/\/api.w.org\/{rel}","templated":true}]}}